{"id":619,"date":"2021-11-10T14:46:40","date_gmt":"2021-11-10T13:46:40","guid":{"rendered":"https:\/\/www.finpower.eu\/?page_id=619"},"modified":"2023-11-27T16:03:59","modified_gmt":"2023-11-27T15:03:59","slug":"referencie","status":"publish","type":"page","link":"https:\/\/www.finpower.eu\/en_gb\/referencie\/","title":{"rendered":"References"},"content":{"rendered":"<p>[et_pb_section fb_built=&#8220;1&#8243; admin_label=&#8220;section&#8220; _builder_version=&#8220;4.16&#8243; background_image=&#8220;https:\/\/www.finpower.eu\/wp-content\/uploads\/2021\/11\/BCKP3.png&#8220; custom_padding=&#8220;46px||15px|||&#8220; global_colors_info=&#8220;{}&#8220;][et_pb_row _builder_version=&#8220;4.16&#8243; _module_preset=&#8220;default&#8220; custom_padding=&#8220;||28px|||&#8220; global_colors_info=&#8220;{}&#8220;][et_pb_column type=&#8220;4_4&#8243; _builder_version=&#8220;4.16&#8243; _module_preset=&#8220;default&#8220; global_colors_info=&#8220;{}&#8220;][et_pb_text _builder_version=&#8220;4.16&#8243; _module_preset=&#8220;default&#8220; header_font=&#8220;Poppins|700|||||||&#8220; header_font_size=&#8220;41px&#8220; header_letter_spacing=&#8220;5px&#8220; header_2_font=&#8220;Poppins|800||on|||||&#8220; header_2_text_color=&#8220;#2c315c&#8220; header_2_font_size=&#8220;32px&#8220; header_2_letter_spacing=&#8220;5px&#8220; custom_margin=&#8220;||17px||false|false&#8220; header_2_font_size_tablet=&#8220;50px&#8220; header_2_font_size_phone=&#8220;34px&#8220; header_2_font_size_last_edited=&#8220;on|phone&#8220; header_2_letter_spacing_tablet=&#8220;5px&#8220; header_2_letter_spacing_phone=&#8220;3px&#8220; header_2_letter_spacing_last_edited=&#8220;on|phone&#8220; global_colors_info=&#8220;{}&#8220;]<\/p>\n<h1 style=\"text-align: center;\">REFERENCIE<\/h1>\n<p>[\/et_pb_text][et_pb_text _builder_version=&#8220;4.21.0&#8243; _module_preset=&#8220;default&#8220; text_font=&#8220;|700||on|||||&#8220; text_text_color=&#8220;#f3bd18&#8243; text_letter_spacing=&#8220;3px&#8220; global_colors_info=&#8220;{}&#8220;]<\/p>\n<p style=\"text-align: center;\">Konica Minolta Nordics \u2013 Case Study <\/p>\n<p>[\/et_pb_text][\/et_pb_column][\/et_pb_row][\/et_pb_section][et_pb_section fb_built=&#8220;1&#8243; _builder_version=&#8220;4.21.0&#8243; _module_preset=&#8220;default&#8220; custom_padding=&#8220;28px|||||&#8220; global_colors_info=&#8220;{}&#8220;][et_pb_row column_structure=&#8220;1_2,1_2&#8243; _builder_version=&#8220;4.21.0&#8243; _module_preset=&#8220;default&#8220; global_colors_info=&#8220;{}&#8220;][et_pb_column type=&#8220;1_2&#8243; _builder_version=&#8220;4.21.0&#8243; _module_preset=&#8220;default&#8220; global_colors_info=&#8220;{}&#8220;][et_pb_text _builder_version=&#8220;4.21.0&#8243; _module_preset=&#8220;default&#8220; custom_padding=&#8220;24px|||||&#8220; global_colors_info=&#8220;{}&#8220;]<\/p>\n<h3>&#8222;<strong>\u201cWe empowered Finance teams in Konica Minolta Nordics to become really Nordic organization \u201c<\/strong><\/h3>\n<p><strong>Duration<\/strong>: 05\/2021 &#8211; 12\/2023<br \/><strong>Countries<\/strong>Denmark, Sweden, Finland, Norway<\/p>\n<p>Konica Minolta Nordics has existed for many years as a cluster of independent companies across the Nordics, with different processes, ERP systems usage and own ways of reporting. The regional management expressed a strong need to harmonize, unify and exploit potential synergies.<\/p>\n<p>Finpower consultants acted as external partners ensuring harmonization in the Finance area. We became a part of ERP implementation team and focused to drive harmonization within Controlling, Reporting and G\/L Accounting. We also closely cooperated with BI developers and helped to define and develop common Nordic BI (in Power BI) used across the Nordic region.<\/p>\n<p>[\/et_pb_text][\/et_pb_column][et_pb_column type=&#8220;1_2&#8243; _builder_version=&#8220;4.21.0&#8243; _module_preset=&#8220;default&#8220; global_colors_info=&#8220;{}&#8220;][et_pb_image src=&#8220;https:\/\/www.finpower.eu\/wp-content\/uploads\/2023\/07\/1200px-Logo_Konica_Minolta.svg_.png&#8220; title_text=&#8220;1200px-Logo_Konica_Minolta.svg&#8220; _builder_version=&#8220;4.21.0&#8243; _module_preset=&#8220;default&#8220; custom_padding=&#8220;|21px||0px||&#8220; global_colors_info=&#8220;{}&#8220;][\/et_pb_image][\/et_pb_column][\/et_pb_row][\/et_pb_section][et_pb_section fb_built=&#8220;1&#8243; admin_label=&#8220;Fun Fact Section&#8220; _builder_version=&#8220;4.21.0&#8243; background_color=&#8220;rgba(10,5,0,0.05)&#8220; custom_margin=&#8220;|||&#8220; custom_padding=&#8220;58px||61px|||&#8220; box_shadow_style=&#8220;preset3&#8243; locked=&#8220;off&#8220; global_colors_info=&#8220;{}&#8220;][et_pb_row column_structure=&#8220;1_2,1_2&#8243; _builder_version=&#8220;4.21.0&#8243; _module_preset=&#8220;default&#8220; global_colors_info=&#8220;{}&#8220;][et_pb_column type=&#8220;1_2&#8243; _builder_version=&#8220;4.21.0&#8243; _module_preset=&#8220;default&#8220; global_colors_info=&#8220;{}&#8220;][et_pb_icon font_icon=&#8220;&#x51;||divi||400&#8243; icon_color=&#8220;#0a0000&#8243; icon_width=&#8220;52px&#8220; align=&#8220;left&#8220; _builder_version=&#8220;4.21.0&#8243; _module_preset=&#8220;default&#8220; custom_margin=&#8220;||16px|||&#8220; global_colors_info=&#8220;{}&#8220;][\/et_pb_icon][et_pb_text _builder_version=&#8220;4.21.0&#8243; _module_preset=&#8220;default&#8220; text_text_color=&#8220;#000000&#8243; text_font_size=&#8220;18px&#8220; global_colors_info=&#8220;{}&#8220;]<\/p>\n<h3><strong>Situation BEFORE:<\/strong><\/h3>\n<ul>\n<li>KM Nordics was group of 4 branches with different usage of ERP system and own BI solutions<\/li>\n<li>Every country had developed their own workarounds and processes trying to solve the same problems (often causing additional manual workload for other back-office teams)<\/li>\n<li>Countries were using own customized charts of accounts, reporting elements (these were often missing in ERP and needed to be added manually when compiling the reports)<\/li>\n<li>Every country used different definitions and reporting guidelines (leading to almost impossible consolidation and difficult cross-comparisons)<\/li>\n<li>Countries had either developed their own Business Intelligence system or had none and manually extracted data from the ERP system<\/li>\n<li>Reports for the parent company were laboriously prepared in Excel and took several days to produce<\/li>\n<li>Different versions of truth and reports were causing confusion across the teams<\/li>\n<\/ul>\n<p>[\/et_pb_text][\/et_pb_column][et_pb_column type=&#8220;1_2&#8243; _builder_version=&#8220;4.21.0&#8243; _module_preset=&#8220;default&#8220; global_colors_info=&#8220;{}&#8220;][et_pb_icon font_icon=&#8220;&#xf058;||fa||400&#8243; icon_color=&#8220;#0a0000&#8243; icon_width=&#8220;52px&#8220; align=&#8220;left&#8220; _builder_version=&#8220;4.21.0&#8243; _module_preset=&#8220;default&#8220; custom_margin=&#8220;||16px|||&#8220; global_colors_info=&#8220;{}&#8220;][\/et_pb_icon][et_pb_text _builder_version=&#8220;4.21.0&#8243; _module_preset=&#8220;default&#8220; text_text_color=&#8220;#000000&#8243; text_font_size=&#8220;18px&#8220; global_colors_info=&#8220;{}&#8220;]<\/p>\n<h3><strong>Situation AFTER <\/strong><\/h3>\n<ul>\n<li>KM Nordics has become regional organization with common ERP and BI systems<\/li>\n<li>Unification and harmonization of processes inside ERP, leading to greater efficiency, time savings and synergies (massively increased substitutability in back-office positions across the countries)<\/li>\n<li>Use of a common chart of accounts (with careful consideration of local specificities)<\/li>\n<li>Harmonization of reporting elements setup, guidelines, and definitions, which ensured comparability of the results and easier consolidation<\/li>\n<li>Use of a unified BI system (Power BI) in which up-to-date reports are always available with respect to data security<\/li>\n<li>Reports towards mother company solved with \u201cpush the button\u201d solutions, which meant dramatical time saving within month closings<\/li>\n<li>One source of truth for everyone in the companies across the region<\/li>\n<\/ul>\n<ul><\/ul>\n<p>[\/et_pb_text][\/et_pb_column][\/et_pb_row][\/et_pb_section][et_pb_section fb_built=&#8220;1&#8243; theme_builder_area=&#8220;post_content&#8220; _builder_version=&#8220;4.23.1&#8243; _module_preset=&#8220;default&#8220;][et_pb_row _builder_version=&#8220;4.23.1&#8243; _module_preset=&#8220;default&#8220; global_colors_info=&#8220;{}&#8220; column_structure=&#8220;1_4,3_4&#8243; locked=&#8220;off&#8220; theme_builder_area=&#8220;post_content&#8220;][et_pb_column type=&#8220;1_4&#8243; _builder_version=&#8220;4.23.1&#8243; _module_preset=&#8220;default&#8220; global_colors_info=&#8220;{}&#8220; theme_builder_area=&#8220;post_content&#8220;][et_pb_image src=&#8220;https:\/\/www.finpower.eu\/wp-content\/uploads\/2023\/07\/1200px-Logo_Konica_Minolta.svg_.png&#8220; _builder_version=&#8220;4.23.1&#8243; _module_preset=&#8220;default&#8220; title_text=&#8220;1200px-Logo_Konica_Minolta.svg&#8220; width=&#8220;100%&#8220; hover_enabled=&#8220;0&#8243; sticky_enabled=&#8220;0&#8243; theme_builder_area=&#8220;post_content&#8220;][\/et_pb_image][\/et_pb_column][et_pb_column type=&#8220;3_4&#8243; _builder_version=&#8220;4.23.1&#8243; _module_preset=&#8220;default&#8220; global_colors_info=&#8220;{}&#8220; theme_builder_area=&#8220;post_content&#8220;][et_pb_text _builder_version=&#8220;4.23.1&#8243; _module_preset=&#8220;default&#8220; custom_margin=&#8220;10px|10px|10px|10px|false|false&#8220; custom_padding=&#8220;15px|15px|15px|15px|false|false&#8220; hover_enabled=&#8220;0&#8243; border_color_all=&#8220;#162051&#8243; global_colors_info=&#8220;{}&#8220; sticky_enabled=&#8220;0&#8243; theme_builder_area=&#8220;post_content&#8220;]<\/p>\n<p style=\"text-align: left;\"><em>\"In our Nordic ERP roll-out there has been a great and constructive dialogue and support from Finpower consultants. Finpower has provided a good overview, especially on the financial reporting, and have been reacting fast and professional in the needed areas where adjustments and support was needed throughout the roll-out.\"<\/em><\/p>\n<p style=\"text-align: left;\"><strong>Kenneth Nygaard<br \/><\/strong><strong>Nordic Operational Excellence &amp; IT Manager<\/strong><\/p>\n<p>[\/et_pb_text][\/et_pb_column][\/et_pb_row][\/et_pb_section][et_pb_section fb_built=&#8220;1&#8243; _builder_version=&#8220;4.16&#8243; _module_preset=&#8220;default&#8220; background_color=&#8220;#171d4c&#8220; background_image=&#8220;https:\/\/www.finpower.eu\/wp-content\/uploads\/2021\/11\/Bck4.jpg&#8220; parallax=&#8220;on&#8220; global_colors_info=&#8220;{}&#8220;][et_pb_row column_structure=&#8220;1_4,1_4,1_4,1_4&#8243; _builder_version=&#8220;4.16&#8243; _module_preset=&#8220;default&#8220; global_colors_info=&#8220;{}&#8220;][et_pb_column type=&#8220;1_4&#8243; _builder_version=&#8220;4.16&#8243; _module_preset=&#8220;default&#8220; global_colors_info=&#8220;{}&#8220;][et_pb_blurb title=&#8220;+421 907 289 712&#8243; url=&#8220;tel:+421907289712&#8243; use_icon=&#8220;on&#8220; font_icon=&#8220;&#xf3cd;||fa||900&#8243; icon_color=&#8220;#f2b725&#8243; image_icon_width=&#8220;60px&#8220; _builder_version=&#8220;4.21.0&#8243; _module_preset=&#8220;default&#8220; header_font=&#8220;Poppins|700|||||||&#8220; header_text_align=&#8220;center&#8220; header_text_color=&#8220;#FFFFFF&#8220; header_letter_spacing=&#8220;1px&#8220; body_font=&#8220;Open Sans||||||||&#8220; body_text_align=&#8220;center&#8220; body_text_color=&#8220;#FFFFFF&#8220; transform_translate_linked__hover=&#8220;off&#8220; animation_style=&#8220;flip&#8220; link_option_url=&#8220;tel:+421907289712&#8243; icon_font_size=&#8220;60px&#8220; global_colors_info=&#8220;{}&#8220; transform_styles__hover_enabled=&#8220;on|hover&#8220; transform_scale__hover_enabled=&#8220;on|desktop&#8220; transform_translate__hover_enabled=&#8220;on|hover&#8220; transform_rotate__hover_enabled=&#8220;on|desktop&#8220; transform_skew__hover_enabled=&#8220;on|desktop&#8220; transform_origin__hover_enabled=&#8220;on|desktop&#8220; transform_translate__hover=&#8220;0px|-13px&#8220;]<\/p>\n<p>Call us<\/p>\n<p>[\/et_pb_blurb][\/et_pb_column][et_pb_column type=&#8220;1_4&#8243; _builder_version=&#8220;4.16&#8243; _module_preset=&#8220;default&#8220; global_colors_info=&#8220;{}&#8220;][et_pb_blurb title=&#8220;info@finpower.eu&#8220; url=&#8220;mailto:info@finpower.eu&#8220; use_icon=&#8220;on&#8220; font_icon=&#8220;&#xf2b6;||fa||400&#8243; icon_color=&#8220;#f2b725&#8243; image_icon_width=&#8220;60px&#8220; _builder_version=&#8220;4.21.0&#8243; _module_preset=&#8220;default&#8220; header_font=&#8220;Poppins|700|||||||&#8220; header_text_align=&#8220;center&#8220; header_text_color=&#8220;#FFFFFF&#8220; header_letter_spacing=&#8220;1px&#8220; body_font=&#8220;Open Sans||||||||&#8220; body_text_align=&#8220;center&#8220; body_text_color=&#8220;#FFFFFF&#8220; transform_translate_linked__hover=&#8220;off&#8220; animation_style=&#8220;flip&#8220; link_option_url=&#8220;mailto:info@finpower.eu&#8220; icon_font_size=&#8220;60px&#8220; global_colors_info=&#8220;{}&#8220; transform_styles__hover_enabled=&#8220;on|hover&#8220; transform_scale__hover_enabled=&#8220;on|desktop&#8220; transform_translate__hover_enabled=&#8220;on|hover&#8220; transform_rotate__hover_enabled=&#8220;on|desktop&#8220; transform_skew__hover_enabled=&#8220;on|desktop&#8220; transform_origin__hover_enabled=&#8220;on|desktop&#8220; transform_translate__hover=&#8220;0px|-13px&#8220;]<\/p>\n<p>Write us<\/p>\n<p>[\/et_pb_blurb][\/et_pb_column][et_pb_column type=&#8220;1_4&#8243; _builder_version=&#8220;4.16&#8243; _module_preset=&#8220;default&#8220; global_colors_info=&#8220;{}&#8220;][et_pb_blurb title=&#8220;Europeum business center&#8220; url=&#8220;https:\/\/goo.gl\/maps\/NXiYzfQ2ZTvteWXA9&#8243; use_icon=&#8220;on&#8220; font_icon=&#8220;&#xf3c5;||fa||900&#8243; icon_color=&#8220;#f2b725&#8243; image_icon_width=&#8220;60px&#8220; _builder_version=&#8220;4.21.0&#8243; _module_preset=&#8220;default&#8220; header_font=&#8220;Poppins|700|||||||&#8220; header_text_align=&#8220;center&#8220; header_text_color=&#8220;#FFFFFF&#8220; header_letter_spacing=&#8220;1px&#8220; body_font=&#8220;Open Sans||||||||&#8220; body_text_align=&#8220;center&#8220; body_text_color=&#8220;#FFFFFF&#8220; transform_translate_linked__hover=&#8220;off&#8220; animation_style=&#8220;flip&#8220; link_option_url=&#8220;https:\/\/goo.gl\/maps\/NXiYzfQ2ZTvteWXA9&#8243; icon_font_size=&#8220;60px&#8220; global_colors_info=&#8220;{}&#8220; transform_styles__hover_enabled=&#8220;on|hover&#8220; transform_scale__hover_enabled=&#8220;on|desktop&#8220; transform_translate__hover_enabled=&#8220;on|hover&#8220; transform_rotate__hover_enabled=&#8220;on|desktop&#8220; transform_skew__hover_enabled=&#8220;on|desktop&#8220; transform_origin__hover_enabled=&#8220;on|desktop&#8220; transform_translate__hover=&#8220;0px|-13px&#8220;]<\/p>\n<p>Such\u00e9 m\u00fdto 1<br \/>Bratislava<\/p>\n<p>[\/et_pb_blurb][\/et_pb_column][et_pb_column type=&#8220;1_4&#8243; _builder_version=&#8220;4.16&#8243; _module_preset=&#8220;default&#8220; global_colors_info=&#8220;{}&#8220;][et_pb_blurb title=&#8220;Sledujte n\u00e1s:&#8220; url=&#8220;https:\/\/www.linkedin.com\/company\/finpowersro&#8220; use_icon=&#8220;on&#8220; font_icon=&#8220;&#xe0b7;||divi||400&#8243; icon_color=&#8220;#f2b725&#8243; image_icon_width=&#8220;60px&#8220; _builder_version=&#8220;4.21.0&#8243; _module_preset=&#8220;default&#8220; header_font=&#8220;Poppins|700|||||||&#8220; header_text_align=&#8220;center&#8220; header_text_color=&#8220;#FFFFFF&#8220; header_letter_spacing=&#8220;1px&#8220; body_font=&#8220;Open Sans||||||||&#8220; body_text_align=&#8220;center&#8220; body_text_color=&#8220;#FFFFFF&#8220; transform_translate_linked__hover=&#8220;off&#8220; custom_margin=&#8220;||5px||false|false&#8220; animation_style=&#8220;flip&#8220; link_option_url=&#8220;https:\/\/www.linkedin.com\/company\/finpowersro&#8220; icon_font_size=&#8220;60px&#8220; global_colors_info=&#8220;{}&#8220; transform_styles__hover_enabled=&#8220;on|hover&#8220; transform_scale__hover_enabled=&#8220;on|desktop&#8220; transform_translate__hover_enabled=&#8220;on|hover&#8220; transform_rotate__hover_enabled=&#8220;on|desktop&#8220; transform_skew__hover_enabled=&#8220;on|desktop&#8220; transform_origin__hover_enabled=&#8220;on|desktop&#8220; transform_translate__hover=&#8220;0px|-13px&#8220;]<\/p>\n<p>LinkedIn<\/p>\n<p>[\/et_pb_blurb][\/et_pb_column][\/et_pb_row][\/et_pb_section]<\/p>","protected":false},"excerpt":{"rendered":"<p>REFERENCIEKonica Minolta Nordics &#8211; pr\u00edpadov\u00e1 \u0161t\u00fadia &#8222;Pomohli sme finan\u010dn\u00fdm t\u00edmom v Konica Minolta Nordics sta\u0165 sa skuto\u010dne region\u00e1lnou organiz\u00e1ciou&#8220; Trvanie: 05\/2021 &#8211; 12\/2023Krajiny: D\u00e1nsko, \u0160v\u00e9dsko, F\u00ednsko, N\u00f3rsko Konica Minolta Nordics existovala dlh\u00e9 roky ako zoskupenie samostatn\u00fdch spolo\u010dnost\u00ed v spolo\u010dnom regi\u00f3ne Nordic s r\u00f4znymi procesmi, syst\u00e9mami ERP a sp\u00f4sobmi reportovania. Region\u00e1lny mana\u017ement vyjadril siln\u00fa potrebu harmoniz\u00e1cie, [&hellip;]<\/p>","protected":false},"author":1,"featured_media":0,"parent":0,"menu_order":0,"comment_status":"closed","ping_status":"closed","template":"","meta":{"_et_pb_use_builder":"on","_et_pb_old_content":"<!-- wp:divi\/placeholder \/-->","_et_gb_content_width":"","footnotes":""},"class_list":["post-619","page","type-page","status-publish","hentry"],"yoast_head":"<!-- This site is optimized with the Yoast SEO plugin v25.2 - https:\/\/yoast.com\/wordpress\/plugins\/seo\/ -->\n<title>Referencie - Finpower<\/title>\n<meta name=\"robots\" content=\"index, follow, max-snippet:-1, max-image-preview:large, max-video-preview:-1\" \/>\n<link rel=\"canonical\" href=\"https:\/\/www.finpower.eu\/en_gb\/referencie\/\" \/>\n<meta property=\"og:locale\" content=\"en_GB\" \/>\n<meta property=\"og:type\" content=\"article\" \/>\n<meta property=\"og:title\" content=\"Referencie - Finpower\" \/>\n<meta property=\"og:description\" content=\"REFERENCIEKonica Minolta Nordics - pr\u00edpadov\u00e1 \u0161t\u00fadia &quot;Pomohli sme finan\u010dn\u00fdm t\u00edmom v Konica Minolta Nordics sta\u0165 sa skuto\u010dne region\u00e1lnou organiz\u00e1ciou&quot; Trvanie: 05\/2021 - 12\/2023Krajiny: D\u00e1nsko, \u0160v\u00e9dsko, F\u00ednsko, N\u00f3rsko Konica Minolta Nordics existovala dlh\u00e9 roky ako zoskupenie samostatn\u00fdch spolo\u010dnost\u00ed v spolo\u010dnom regi\u00f3ne Nordic s r\u00f4znymi procesmi, syst\u00e9mami ERP a sp\u00f4sobmi reportovania. Region\u00e1lny mana\u017ement vyjadril siln\u00fa potrebu harmoniz\u00e1cie, [&hellip;]\" \/>\n<meta property=\"og:url\" content=\"https:\/\/www.finpower.eu\/en_gb\/referencie\/\" \/>\n<meta property=\"og:site_name\" content=\"Finpower\" \/>\n<meta property=\"article:modified_time\" content=\"2023-11-27T15:03:59+00:00\" \/>\n<meta name=\"twitter:card\" content=\"summary_large_image\" \/>\n<meta name=\"twitter:label1\" content=\"Estimated reading time\" \/>\n\t<meta name=\"twitter:data1\" content=\"1 minute\" \/>\n<script type=\"application\/ld+json\" class=\"yoast-schema-graph\">{\"@context\":\"https:\/\/schema.org\",\"@graph\":[{\"@type\":\"WebPage\",\"@id\":\"https:\/\/www.finpower.eu\/referencie\/\",\"url\":\"https:\/\/www.finpower.eu\/referencie\/\",\"name\":\"Referencie - Finpower\",\"isPartOf\":{\"@id\":\"https:\/\/www.finpower.eu\/#website\"},\"datePublished\":\"2021-11-10T13:46:40+00:00\",\"dateModified\":\"2023-11-27T15:03:59+00:00\",\"breadcrumb\":{\"@id\":\"https:\/\/www.finpower.eu\/referencie\/#breadcrumb\"},\"inLanguage\":\"en-GB\",\"potentialAction\":[{\"@type\":\"ReadAction\",\"target\":[\"https:\/\/www.finpower.eu\/referencie\/\"]}]},{\"@type\":\"BreadcrumbList\",\"@id\":\"https:\/\/www.finpower.eu\/referencie\/#breadcrumb\",\"itemListElement\":[{\"@type\":\"ListItem\",\"position\":1,\"name\":\"Home\",\"item\":\"https:\/\/www.finpower.eu\/\"},{\"@type\":\"ListItem\",\"position\":2,\"name\":\"Referencie\"}]},{\"@type\":\"WebSite\",\"@id\":\"https:\/\/www.finpower.eu\/#website\",\"url\":\"https:\/\/www.finpower.eu\/\",\"name\":\"Finpower\",\"description\":\"Finpower\",\"potentialAction\":[{\"@type\":\"SearchAction\",\"target\":{\"@type\":\"EntryPoint\",\"urlTemplate\":\"https:\/\/www.finpower.eu\/?s={search_term_string}\"},\"query-input\":{\"@type\":\"PropertyValueSpecification\",\"valueRequired\":true,\"valueName\":\"search_term_string\"}}],\"inLanguage\":\"en-GB\"}]}<\/script>\n<!-- \/ Yoast SEO plugin. -->","yoast_head_json":{"title":"Referencie - Finpower","robots":{"index":"index","follow":"follow","max-snippet":"max-snippet:-1","max-image-preview":"max-image-preview:large","max-video-preview":"max-video-preview:-1"},"canonical":"https:\/\/www.finpower.eu\/en_gb\/referencie\/","og_locale":"en_GB","og_type":"article","og_title":"Referencie - Finpower","og_description":"REFERENCIEKonica Minolta Nordics - pr\u00edpadov\u00e1 \u0161t\u00fadia \"Pomohli sme finan\u010dn\u00fdm t\u00edmom v Konica Minolta Nordics sta\u0165 sa skuto\u010dne region\u00e1lnou organiz\u00e1ciou\" Trvanie: 05\/2021 - 12\/2023Krajiny: D\u00e1nsko, \u0160v\u00e9dsko, F\u00ednsko, N\u00f3rsko Konica Minolta Nordics existovala dlh\u00e9 roky ako zoskupenie samostatn\u00fdch spolo\u010dnost\u00ed v spolo\u010dnom regi\u00f3ne Nordic s r\u00f4znymi procesmi, syst\u00e9mami ERP a sp\u00f4sobmi reportovania. Region\u00e1lny mana\u017ement vyjadril siln\u00fa potrebu harmoniz\u00e1cie, [&hellip;]","og_url":"https:\/\/www.finpower.eu\/en_gb\/referencie\/","og_site_name":"Finpower","article_modified_time":"2023-11-27T15:03:59+00:00","twitter_card":"summary_large_image","twitter_misc":{"Estimated reading time":"1 minute"},"schema":{"@context":"https:\/\/schema.org","@graph":[{"@type":"WebPage","@id":"https:\/\/www.finpower.eu\/referencie\/","url":"https:\/\/www.finpower.eu\/referencie\/","name":"Referencie - Finpower","isPartOf":{"@id":"https:\/\/www.finpower.eu\/#website"},"datePublished":"2021-11-10T13:46:40+00:00","dateModified":"2023-11-27T15:03:59+00:00","breadcrumb":{"@id":"https:\/\/www.finpower.eu\/referencie\/#breadcrumb"},"inLanguage":"en-GB","potentialAction":[{"@type":"ReadAction","target":["https:\/\/www.finpower.eu\/referencie\/"]}]},{"@type":"BreadcrumbList","@id":"https:\/\/www.finpower.eu\/referencie\/#breadcrumb","itemListElement":[{"@type":"ListItem","position":1,"name":"Home","item":"https:\/\/www.finpower.eu\/"},{"@type":"ListItem","position":2,"name":"Referencie"}]},{"@type":"WebSite","@id":"https:\/\/www.finpower.eu\/#website","url":"https:\/\/www.finpower.eu\/","name":"Finpower","description":"Finpower","potentialAction":[{"@type":"SearchAction","target":{"@type":"EntryPoint","urlTemplate":"https:\/\/www.finpower.eu\/?s={search_term_string}"},"query-input":{"@type":"PropertyValueSpecification","valueRequired":true,"valueName":"search_term_string"}}],"inLanguage":"en-GB"}]}},"_links":{"self":[{"href":"https:\/\/www.finpower.eu\/en_gb\/wp-json\/wp\/v2\/pages\/619","targetHints":{"allow":["GET"]}}],"collection":[{"href":"https:\/\/www.finpower.eu\/en_gb\/wp-json\/wp\/v2\/pages"}],"about":[{"href":"https:\/\/www.finpower.eu\/en_gb\/wp-json\/wp\/v2\/types\/page"}],"author":[{"embeddable":true,"href":"https:\/\/www.finpower.eu\/en_gb\/wp-json\/wp\/v2\/users\/1"}],"replies":[{"embeddable":true,"href":"https:\/\/www.finpower.eu\/en_gb\/wp-json\/wp\/v2\/comments?post=619"}],"version-history":[{"count":0,"href":"https:\/\/www.finpower.eu\/en_gb\/wp-json\/wp\/v2\/pages\/619\/revisions"}],"wp:attachment":[{"href":"https:\/\/www.finpower.eu\/en_gb\/wp-json\/wp\/v2\/media?parent=619"}],"curies":[{"name":"wp","href":"https:\/\/api.w.org\/{rel}","templated":true}]}}