{"id":621,"date":"2021-11-10T14:46:55","date_gmt":"2021-11-10T13:46:55","guid":{"rendered":"https:\/\/www.finpower.eu\/?page_id=621"},"modified":"2023-12-03T20:15:18","modified_gmt":"2023-12-03T19:15:18","slug":"blog","status":"publish","type":"page","link":"https:\/\/www.finpower.eu\/en_gb\/blog\/","title":{"rendered":"Blog"},"content":{"rendered":"<p>[et_pb_section fb_built=&#8220;1&#8243; admin_label=&#8220;Fun Fact Section&#8220; _builder_version=&#8220;4.16&#8243; background_color=&#8220;#f2b725&#8243; background_image=&#8220;https:\/\/www.finpower.eu\/wp-content\/uploads\/2021\/11\/bck-trans.png&#8220; parallax=&#8220;on&#8220; custom_margin=&#8220;|||&#8220; custom_padding=&#8220;43px||36px|||&#8220; box_shadow_style=&#8220;preset3&#8243; box_shadow_spread=&#8220;-14px&#8220; locked=&#8220;off&#8220; global_colors_info=&#8220;{}&#8220;][et_pb_row admin_label=&#8220;Service Section Title&#8220; _builder_version=&#8220;4.23.1&#8243; custom_margin=&#8220;|auto|-5px|auto||&#8220; animation_style=&#8220;fade&#8220; animation_direction=&#8220;top&#8220; saved_tabs=&#8220;all&#8220; global_colors_info=&#8220;{}&#8220;][et_pb_column type=&#8220;4_4&#8243; _builder_version=&#8220;4.16&#8243; custom_padding=&#8220;|||&#8220; global_colors_info=&#8220;{}&#8220; custom_padding__hover=&#8220;|||&#8220;][et_pb_text _builder_version=&#8220;4.23.1&#8243; _module_preset=&#8220;default&#8220; header_font=&#8220;Poppins|800||on|||||&#8220; header_text_align=&#8220;center&#8220; header_text_color=&#8220;#FFFFFF&#8220; header_font_size=&#8220;36px&#8220; header_letter_spacing=&#8220;4px&#8220; header_line_height=&#8220;1.3em&#8220; header_2_font=&#8220;Poppins|800||on|||||&#8220; header_2_text_align=&#8220;center&#8220; header_2_text_color=&#8220;#2c315c&#8220; header_2_font_size=&#8220;35px&#8220; header_2_letter_spacing=&#8220;5px&#8220; header_2_line_height=&#8220;1.2em&#8220; custom_margin=&#8220;||14px|||&#8220; header_font_size_tablet=&#8220;50px&#8220; header_font_size_phone=&#8220;31px&#8220; header_font_size_last_edited=&#8220;on|phone&#8220; header_letter_spacing_tablet=&#8220;5px&#8220; header_letter_spacing_phone=&#8220;3px&#8220; header_letter_spacing_last_edited=&#8220;on|phone&#8220; header_2_font_size_tablet=&#8220;50px&#8220; header_2_font_size_phone=&#8220;45px&#8220; header_2_font_size_last_edited=&#8220;on|phone&#8220; header_2_letter_spacing_tablet=&#8220;5px&#8220; header_2_letter_spacing_phone=&#8220;3px&#8220; header_2_letter_spacing_last_edited=&#8220;on|phone&#8220; global_colors_info=&#8220;{}&#8220;]<\/p>\n<h1>BLOG<\/h1>\n<p>[\/et_pb_text][\/et_pb_column][\/et_pb_row][\/et_pb_section][et_pb_section fb_built=&#8220;1&#8243; _builder_version=&#8220;4.16&#8243; _module_preset=&#8220;default&#8220; global_colors_info=&#8220;{}&#8220;][et_pb_row column_structure=&#8220;2_3,1_3&#8243; use_custom_gutter=&#8220;on&#8220; gutter_width=&#8220;4&#8243; _builder_version=&#8220;4.23.1&#8243; _module_preset=&#8220;7b9a074f-3474-43e1-8f35-3e1d859b6015&#8243; hover_enabled=&#8220;0&#8243; locked=&#8220;off&#8220; global_colors_info=&#8220;{}&#8220; sticky_enabled=&#8220;0&#8243;][et_pb_column type=&#8220;2_3&#8243; _builder_version=&#8220;4.16&#8243; _module_preset=&#8220;default&#8220; global_colors_info=&#8220;{}&#8220;][et_pb_blog posts_number=&#8220;5&#8243; module_class=&#8220;et-custom-read-more-text&#8220; _builder_version=&#8220;4.23.1&#8243; _module_preset=&#8220;3805c376-d54c-43ee-a027-a466f4fca1f7&#8243; header_font=&#8220;Poppins||||||||&#8220; header_text_align=&#8220;center&#8220; header_line_height=&#8220;1.2em&#8220; body_font=&#8220;Open Sans||||||||&#8220; body_text_align=&#8220;center&#8220; meta_font=&#8220;Poppins||||||||&#8220; meta_text_align=&#8220;center&#8220; meta_text_color=&#8220;#171d4c&#8220; read_more_font=&#8220;Open Sans|600|||||||&#8220; read_more_text_color=&#8220;#f4bf18&#8243; read_more_line_height=&#8220;1.8em&#8220; custom_margin_tablet=&#8220;&#8220; custom_margin_phone=&#8220;&#8220; custom_margin_last_edited=&#8220;on|phone&#8220; hover_enabled=&#8220;0&#8243; global_colors_info=&#8220;{}&#8220; sticky_enabled=&#8220;0&#8243; header_text_color=&#8220;#171d4c&#8220;][\/et_pb_blog][et_pb_code _builder_version=&#8220;4.23.1&#8243; _module_preset=&#8220;default&#8220; global_colors_info=&#8220;{}&#8220;]<script><!-- [et_pb_line_break_holder] --><!-- [et_pb_line_break_holder] -->(function ($) {<!-- [et_pb_line_break_holder] -->  $(document).on(\"ready ajaxComplete\", function () {<!-- [et_pb_line_break_holder] -->    $(\".et-custom-read-more-text .et_pb_post a.more-link\").html(\"\u010c\u00edtaj Viac\");<!-- [et_pb_line_break_holder] -->  });<!-- [et_pb_line_break_holder] -->})(jQuery);<!-- [et_pb_line_break_holder] --><!-- [et_pb_line_break_holder] --><\/script>[\/et_pb_code][\/et_pb_column][et_pb_column type=&#8220;1_3&#8243; _builder_version=&#8220;4.23.1&#8243; _module_preset=&#8220;default&#8220; background_enable_color=&#8220;off&#8220; positioning=&#8220;none&#8220; position_origin_a=&#8220;center_right&#8220; custom_padding=&#8220;40px|40px|40px|40px|true|true&#8220; border_width_all=&#8220;1px&#8220; border_color_all=&#8220;#C2AB92&#8243; global_colors_info=&#8220;{%22gcid-c6cb4297-f295-4765-9a59-1760f1780eee%22:%91%93}&#8220;][et_pb_text _builder_version=&#8220;4.23.1&#8243; _module_preset=&#8220;27f4c3d2-de27-43db-ad3a-68cd18b56614&#8243; header_3_font=&#8220;Poppins||||||||&#8220; custom_margin=&#8220;||5px||false|false&#8220; text_text_color_tablet=&#8220;&#8220; text_text_color_phone=&#8220;&#8220; text_text_color_last_edited=&#8220;on|tablet&#8220; locked=&#8220;off&#8220; global_colors_info=&#8220;{%22gcid-4bb66a60-6ed0-4902-ab7e-72370314440d%22:%91%22link_text_color__hover%22%93}&#8220;]<\/p>\n<h3>N\u00e1js\u0165 viac<\/h3>\n<p>[\/et_pb_text][et_pb_search exclude_pages=&#8220;on&#8220; exclude_posts=&#8220;on&#8220; show_button=&#8220;off&#8220; placeholder=&#8220;Search &#8230;&#8220; button_color=&#8220;#C2AB92&#8243; _builder_version=&#8220;4.23.1&#8243; _module_preset=&#8220;default&#8220; button_font=&#8220;Karla|700||on|||||&#8220; button_text_color=&#8220;#FFFFFF&#8220; button_font_size=&#8220;12px&#8220; button_letter_spacing=&#8220;1px&#8220; form_field_font=&#8220;Karla||||||||&#8220; border_radii=&#8220;on|0px|0px|0px|0px&#8220; locked=&#8220;off&#8220; global_colors_info=&#8220;{}&#8220;][\/et_pb_search][et_pb_divider color=&#8220;#d1d1d1&#8243; divider_position=&#8220;center&#8220; divider_weight=&#8220;1px&#8220; _builder_version=&#8220;4.23.1&#8243; _module_preset=&#8220;default&#8220; module_alignment=&#8220;center&#8220; locked=&#8220;off&#8220; global_colors_info=&#8220;{}&#8220;][\/et_pb_divider][et_pb_text _builder_version=&#8220;4.23.1&#8243; _module_preset=&#8220;27f4c3d2-de27-43db-ad3a-68cd18b56614&#8243; text_font=&#8220;Open Sans||||||||&#8220; text_line_height=&#8220;1.6em&#8220; ul_text_color=&#8220;#C2AB92&#8243; header_3_font=&#8220;Poppins||||||||&#8220; custom_margin=&#8220;||9px||false|false&#8220; hover_enabled=&#8220;0&#8243; text_text_color_tablet=&#8220;&#8220; text_text_color_phone=&#8220;&#8220; text_text_color_last_edited=&#8220;on|tablet&#8220; locked=&#8220;off&#8220; global_colors_info=&#8220;{%22gcid-4bb66a60-6ed0-4902-ab7e-72370314440d%22:%91%22link_text_color__hover%22%93}&#8220; sticky_enabled=&#8220;0&#8243;]<\/p>\n<h3>Kateg\u00f3rie<\/h3>\n<ul>\n<li><span style=\"color: #808080;\"><a href=\"https:\/\/www.finpower.eu\/category\/digitalne-uctovnictvo\/\" style=\"color: #808080;\">Digital accounting<\/a><\/span><\/li>\n<li><span style=\"color: #808080;\"><a href=\"https:\/\/www.finpower.eu\/category\/tipy-virtualneho-cfo\/\" style=\"color: #808080;\">Tipy virtu\u00e1lneho CFO<\/a><\/span><\/li>\n<li><span style=\"color: #808080;\"><a href=\"https:\/\/www.finpower.eu\/category\/data-bi\/\" style=\"color: #808080;\">Data &amp; BI<\/a><\/span><\/li>\n<li><span><a href=\"https:\/\/www.finpower.eu\/category\/nezaradene\/\">Nezaraden\u00e9<\/a><\/span><\/li>\n<li><span><a href=\"https:\/\/www.finpower.eu\/category\/tipy-na-efektivnejsiu-pracu\/\">Tipy na efekt\u00edvnej\u0161iu pr\u00e1cu<\/a><\/span><\/li>\n<li><span><a href=\"https:\/\/www.finpower.eu\/category\/finpower-novinky\/\">Finpower novinky<\/a><\/span><span style=\"color: #808080;\"><\/span><\/li>\n<\/ul>\n<p>[\/et_pb_text][et_pb_divider color=&#8220;#d1d1d1&#8243; divider_position=&#8220;center&#8220; divider_weight=&#8220;1px&#8220; _builder_version=&#8220;4.16&#8243; _module_preset=&#8220;default&#8220; module_alignment=&#8220;center&#8220; locked=&#8220;off&#8220; global_colors_info=&#8220;{}&#8220;][\/et_pb_divider][et_pb_text _builder_version=&#8220;4.23.1&#8243; _module_preset=&#8220;27f4c3d2-de27-43db-ad3a-68cd18b56614&#8243; text_font=&#8220;Open Sans||||||||&#8220; link_text_color=&#8220;gcid-4bb66a60-6ed0-4902-ab7e-72370314440d&#8220; header_3_font=&#8220;Poppins|500|||||||&#8220; hover_enabled=&#8220;0&#8243; locked=&#8220;off&#8220; global_colors_info=&#8220;{%22gcid-4bb66a60-6ed0-4902-ab7e-72370314440d%22:%91%22link_text_color__hover%22%93}&#8220; sticky_enabled=&#8220;0&#8243;]<\/p>\n<h3>Sledujte n\u00e1s<\/h3>\n<p>Nev\u00e1hajte n\u00e1s sledova\u0165 na soci\u00e1lnych sie\u0165ach pre najnov\u0161ie spr\u00e1vy a viac in\u0161pir\u00e1cie.<\/p>\n<p>[\/et_pb_text][et_pb_social_media_follow _builder_version=&#8220;4.23.1&#8243; _module_preset=&#8220;default&#8220; custom_button=&#8220;on&#8220; text_orientation=&#8220;center&#8220; custom_margin=&#8220;||||false|false&#8220; custom_padding=&#8220;||||false|false&#8220; locked=&#8220;off&#8220; global_colors_info=&#8220;{%22gcid-4bb66a60-6ed0-4902-ab7e-72370314440d%22:%91%93}&#8220; icon_color__hover=&#8220;#c2ab92&#8243; icon_color__hover_enabled=&#8220;on|desktop&#8220; background__hover_enabled=&#8220;on|hover&#8220; button_bg_color__hover_enabled=&#8220;on|desktop&#8220; button_bg_color__hover=&#8220;#C2AB92&#8243; button_bg_enable_color__hover=&#8220;on&#8220;][et_pb_social_media_follow_network social_network=&#8220;facebook&#8220; icon_color=&#8220;#f2b725&#8243; _builder_version=&#8220;4.23.1&#8243; _module_preset=&#8220;default&#8220; background_color=&#8220;RGBA(0,0,0,0)&#8220; background_enable_color=&#8220;on&#8220; border_radii=&#8220;on|0px|0px|0px|0px&#8220; global_colors_info=&#8220;{}&#8220; background__hover_enabled=&#8220;on|hover&#8220; background_color__hover=&#8220;#C2AB92&#8243; background_enable_color__hover=&#8220;on&#8220; icon_color__hover_enabled=&#8220;on|hover&#8220; icon_color__hover=&#8220;#FFFFFF&#8220; follow_button=&#8220;off&#8220; url_new_window=&#8220;on&#8220;]facebook[\/et_pb_social_media_follow_network][et_pb_social_media_follow_network social_network=&#8220;instagram&#8220; icon_color=&#8220;#f2b725&#8243; _builder_version=&#8220;4.23.1&#8243; _module_preset=&#8220;default&#8220; background_color=&#8220;RGBA(0,0,0,0)&#8220; background_enable_color=&#8220;on&#8220; border_radii=&#8220;on|0px|0px|0px|0px&#8220; global_colors_info=&#8220;{}&#8220; background__hover_enabled=&#8220;on|desktop&#8220; background_color__hover=&#8220;#C2AB92&#8243; background_enable_color__hover=&#8220;on&#8220; icon_color__hover_enabled=&#8220;on|hover&#8220; icon_color__hover=&#8220;#FFFFFF&#8220; follow_button=&#8220;off&#8220; url_new_window=&#8220;on&#8220;]instagram[\/et_pb_social_media_follow_network][et_pb_social_media_follow_network social_network=&#8220;twitter&#8220; icon_color=&#8220;#f2b725&#8243; _builder_version=&#8220;4.23.1&#8243; _module_preset=&#8220;default&#8220; background_color=&#8220;RGBA(0,0,0,0)&#8220; background_enable_color=&#8220;on&#8220; border_radii=&#8220;on|0px|0px|0px|0px&#8220; global_colors_info=&#8220;{}&#8220; background__hover_enabled=&#8220;on|desktop&#8220; background_color__hover=&#8220;#C2AB92&#8243; background_enable_color__hover=&#8220;on&#8220; icon_color__hover_enabled=&#8220;on|hover&#8220; icon_color__hover=&#8220;#FFFFFF&#8220; follow_button=&#8220;off&#8220; url_new_window=&#8220;on&#8220;]twitter[\/et_pb_social_media_follow_network][et_pb_social_media_follow_network social_network=&#8220;linkedin&#8220; icon_color=&#8220;#f2b725&#8243; _builder_version=&#8220;4.23.1&#8243; _module_preset=&#8220;default&#8220; background_color=&#8220;RGBA(0,0,0,0)&#8220; background_enable_color=&#8220;on&#8220; border_radii=&#8220;on|0px|0px|0px|0px&#8220; global_colors_info=&#8220;{}&#8220; background__hover_enabled=&#8220;on|desktop&#8220; background_color__hover=&#8220;#C2AB92&#8243; background_enable_color__hover=&#8220;on&#8220; icon_color__hover_enabled=&#8220;on|hover&#8220; icon_color__hover=&#8220;#FFFFFF&#8220; follow_button=&#8220;off&#8220; url_new_window=&#8220;on&#8220;]linkedin[\/et_pb_social_media_follow_network][\/et_pb_social_media_follow][\/et_pb_column][\/et_pb_row][\/et_pb_section][et_pb_section fb_built=&#8220;1&#8243; _builder_version=&#8220;4.16&#8243; _module_preset=&#8220;default&#8220; background_color=&#8220;#171d4c&#8220; background_image=&#8220;https:\/\/www.finpower.eu\/wp-content\/uploads\/2021\/11\/Bck4.jpg&#8220; parallax=&#8220;on&#8220; locked=&#8220;off&#8220; global_colors_info=&#8220;{}&#8220;][et_pb_row column_structure=&#8220;1_4,1_4,1_4,1_4&#8243; _builder_version=&#8220;4.16&#8243; _module_preset=&#8220;default&#8220; global_colors_info=&#8220;{}&#8220;][et_pb_column type=&#8220;1_4&#8243; _builder_version=&#8220;4.16&#8243; _module_preset=&#8220;default&#8220; global_colors_info=&#8220;{}&#8220;][et_pb_blurb title=&#8220;+421 907 289 712&#8243; url=&#8220;tel:+421907289712&#8243; use_icon=&#8220;on&#8220; font_icon=&#8220;&#xf3cd;||fa||900&#8243; icon_color=&#8220;#f2b725&#8243; image_icon_width=&#8220;60px&#8220; _builder_version=&#8220;4.21.0&#8243; _module_preset=&#8220;default&#8220; header_font=&#8220;Poppins|700|||||||&#8220; header_text_align=&#8220;center&#8220; header_text_color=&#8220;#FFFFFF&#8220; header_letter_spacing=&#8220;1px&#8220; body_font=&#8220;Open Sans||||||||&#8220; body_text_align=&#8220;center&#8220; body_text_color=&#8220;#FFFFFF&#8220; transform_translate_linked__hover=&#8220;off&#8220; animation_style=&#8220;flip&#8220; link_option_url=&#8220;tel:+421907289712&#8243; icon_font_size=&#8220;60px&#8220; global_colors_info=&#8220;{}&#8220; transform_styles__hover_enabled=&#8220;on|hover&#8220; transform_scale__hover_enabled=&#8220;on|desktop&#8220; transform_translate__hover_enabled=&#8220;on|hover&#8220; transform_rotate__hover_enabled=&#8220;on|desktop&#8220; transform_skew__hover_enabled=&#8220;on|desktop&#8220; transform_origin__hover_enabled=&#8220;on|desktop&#8220; transform_translate__hover=&#8220;0px|-13px&#8220;]<\/p>\n<p>Call us<\/p>\n<p>[\/et_pb_blurb][\/et_pb_column][et_pb_column type=&#8220;1_4&#8243; _builder_version=&#8220;4.16&#8243; _module_preset=&#8220;default&#8220; global_colors_info=&#8220;{}&#8220;][et_pb_blurb title=&#8220;info@finpower.eu&#8220; url=&#8220;mailto:info@finpower.eu&#8220; use_icon=&#8220;on&#8220; font_icon=&#8220;&#xf2b6;||fa||400&#8243; icon_color=&#8220;#f2b725&#8243; image_icon_width=&#8220;60px&#8220; _builder_version=&#8220;4.21.0&#8243; _module_preset=&#8220;default&#8220; header_font=&#8220;Poppins|700|||||||&#8220; header_text_align=&#8220;center&#8220; header_text_color=&#8220;#FFFFFF&#8220; header_letter_spacing=&#8220;1px&#8220; body_font=&#8220;Open Sans||||||||&#8220; body_text_align=&#8220;center&#8220; body_text_color=&#8220;#FFFFFF&#8220; transform_translate_linked__hover=&#8220;off&#8220; animation_style=&#8220;flip&#8220; link_option_url=&#8220;mailto:info@finpower.eu&#8220; icon_font_size=&#8220;60px&#8220; global_colors_info=&#8220;{}&#8220; transform_styles__hover_enabled=&#8220;on|hover&#8220; transform_scale__hover_enabled=&#8220;on|desktop&#8220; transform_translate__hover_enabled=&#8220;on|hover&#8220; transform_rotate__hover_enabled=&#8220;on|desktop&#8220; transform_skew__hover_enabled=&#8220;on|desktop&#8220; transform_origin__hover_enabled=&#8220;on|desktop&#8220; transform_translate__hover=&#8220;0px|-13px&#8220;]<\/p>\n<p>Write us<\/p>\n<p>[\/et_pb_blurb][\/et_pb_column][et_pb_column type=&#8220;1_4&#8243; _builder_version=&#8220;4.16&#8243; _module_preset=&#8220;default&#8220; global_colors_info=&#8220;{}&#8220;][et_pb_blurb title=&#8220;Europeum business center&#8220; url=&#8220;https:\/\/goo.gl\/maps\/NXiYzfQ2ZTvteWXA9&#8243; use_icon=&#8220;on&#8220; font_icon=&#8220;&#xf3c5;||fa||900&#8243; icon_color=&#8220;#f2b725&#8243; image_icon_width=&#8220;60px&#8220; _builder_version=&#8220;4.21.0&#8243; _module_preset=&#8220;default&#8220; header_font=&#8220;Poppins|700|||||||&#8220; header_text_align=&#8220;center&#8220; header_text_color=&#8220;#FFFFFF&#8220; header_letter_spacing=&#8220;1px&#8220; body_font=&#8220;Open Sans||||||||&#8220; body_text_align=&#8220;center&#8220; body_text_color=&#8220;#FFFFFF&#8220; transform_translate_linked__hover=&#8220;off&#8220; animation_style=&#8220;flip&#8220; link_option_url=&#8220;https:\/\/goo.gl\/maps\/NXiYzfQ2ZTvteWXA9&#8243; icon_font_size=&#8220;60px&#8220; global_colors_info=&#8220;{}&#8220; transform_styles__hover_enabled=&#8220;on|hover&#8220; transform_scale__hover_enabled=&#8220;on|desktop&#8220; transform_translate__hover_enabled=&#8220;on|hover&#8220; transform_rotate__hover_enabled=&#8220;on|desktop&#8220; transform_skew__hover_enabled=&#8220;on|desktop&#8220; transform_origin__hover_enabled=&#8220;on|desktop&#8220; transform_translate__hover=&#8220;0px|-13px&#8220;]<\/p>\n<p>Such\u00e9 m\u00fdto 1<br \/>Bratislava<\/p>\n<p>[\/et_pb_blurb][\/et_pb_column][et_pb_column type=&#8220;1_4&#8243; _builder_version=&#8220;4.16&#8243; _module_preset=&#8220;default&#8220; global_colors_info=&#8220;{}&#8220;][et_pb_blurb title=&#8220;Sledujte n\u00e1s:&#8220; url=&#8220;https:\/\/www.linkedin.com\/company\/finpowersro&#8220; use_icon=&#8220;on&#8220; font_icon=&#8220;&#xe0b7;||divi||400&#8243; icon_color=&#8220;#f2b725&#8243; image_icon_width=&#8220;60px&#8220; _builder_version=&#8220;4.21.0&#8243; _module_preset=&#8220;default&#8220; header_font=&#8220;Poppins|700|||||||&#8220; header_text_align=&#8220;center&#8220; header_text_color=&#8220;#FFFFFF&#8220; header_letter_spacing=&#8220;1px&#8220; body_font=&#8220;Open Sans||||||||&#8220; body_text_align=&#8220;center&#8220; body_text_color=&#8220;#FFFFFF&#8220; transform_translate_linked__hover=&#8220;off&#8220; custom_margin=&#8220;||5px||false|false&#8220; animation_style=&#8220;flip&#8220; link_option_url=&#8220;https:\/\/www.linkedin.com\/company\/finpowersro&#8220; icon_font_size=&#8220;60px&#8220; global_colors_info=&#8220;{}&#8220; transform_styles__hover_enabled=&#8220;on|hover&#8220; transform_scale__hover_enabled=&#8220;on|desktop&#8220; transform_translate__hover_enabled=&#8220;on|hover&#8220; transform_rotate__hover_enabled=&#8220;on|desktop&#8220; transform_skew__hover_enabled=&#8220;on|desktop&#8220; transform_origin__hover_enabled=&#8220;on|desktop&#8220; transform_translate__hover=&#8220;0px|-13px&#8220;]<\/p>\n<p>LinkedIn<\/p>\n<p>[\/et_pb_blurb][\/et_pb_column][\/et_pb_row][\/et_pb_section]<\/p>","protected":false},"excerpt":{"rendered":"<p>BLOGN\u00e1js\u0165 viacKateg\u00f3rie Digit\u00e1lne \u00fa\u010dtovn\u00edctvo Tipy virtu\u00e1lneho CFO Data &amp; BI Nezaraden\u00e9 Tipy na efekt\u00edvnej\u0161iu pr\u00e1cu Finpower novinky Sledujte n\u00e1s Nev\u00e1hajte n\u00e1s sledova\u0165 na soci\u00e1lnych sie\u0165ach pre najnov\u0161ie spr\u00e1vy a viac in\u0161pir\u00e1cie.Zavolajte n\u00e1m.Nap\u00ed\u0161te n\u00e1m.Such\u00e9 m\u00fdto 1BratislavaLinkedIn<\/p>","protected":false},"author":1,"featured_media":0,"parent":0,"menu_order":0,"comment_status":"closed","ping_status":"closed","template":"","meta":{"_et_pb_use_builder":"on","_et_pb_old_content":"<!-- wp:divi\/placeholder \/-->","_et_gb_content_width":"","footnotes":""},"class_list":["post-621","page","type-page","status-publish","hentry"],"yoast_head":"<!-- This site is optimized with the Yoast SEO plugin v25.2 - https:\/\/yoast.com\/wordpress\/plugins\/seo\/ -->\n<title>Blog - Finpower<\/title>\n<meta name=\"robots\" content=\"index, follow, max-snippet:-1, max-image-preview:large, max-video-preview:-1\" \/>\n<link rel=\"canonical\" href=\"https:\/\/www.finpower.eu\/en_gb\/blog\/\" \/>\n<meta property=\"og:locale\" content=\"en_GB\" \/>\n<meta property=\"og:type\" content=\"article\" \/>\n<meta property=\"og:title\" content=\"Blog - Finpower\" \/>\n<meta property=\"og:description\" content=\"BLOGN\u00e1js\u0165 viacKateg\u00f3rie Digit\u00e1lne \u00fa\u010dtovn\u00edctvo Tipy virtu\u00e1lneho CFO Data &amp; BI Nezaraden\u00e9 Tipy na efekt\u00edvnej\u0161iu pr\u00e1cu Finpower novinky Sledujte n\u00e1s Nev\u00e1hajte n\u00e1s sledova\u0165 na soci\u00e1lnych sie\u0165ach pre najnov\u0161ie spr\u00e1vy a viac in\u0161pir\u00e1cie.Zavolajte n\u00e1m.Nap\u00ed\u0161te n\u00e1m.Such\u00e9 m\u00fdto 1BratislavaLinkedIn\" \/>\n<meta property=\"og:url\" content=\"https:\/\/www.finpower.eu\/en_gb\/blog\/\" \/>\n<meta property=\"og:site_name\" content=\"Finpower\" \/>\n<meta property=\"article:modified_time\" content=\"2023-12-03T19:15:18+00:00\" \/>\n<meta name=\"twitter:card\" content=\"summary_large_image\" \/>\n<script type=\"application\/ld+json\" class=\"yoast-schema-graph\">{\"@context\":\"https:\/\/schema.org\",\"@graph\":[{\"@type\":\"WebPage\",\"@id\":\"https:\/\/www.finpower.eu\/blog\/\",\"url\":\"https:\/\/www.finpower.eu\/blog\/\",\"name\":\"Blog - Finpower\",\"isPartOf\":{\"@id\":\"https:\/\/www.finpower.eu\/#website\"},\"datePublished\":\"2021-11-10T13:46:55+00:00\",\"dateModified\":\"2023-12-03T19:15:18+00:00\",\"breadcrumb\":{\"@id\":\"https:\/\/www.finpower.eu\/blog\/#breadcrumb\"},\"inLanguage\":\"en-GB\",\"potentialAction\":[{\"@type\":\"ReadAction\",\"target\":[\"https:\/\/www.finpower.eu\/blog\/\"]}]},{\"@type\":\"BreadcrumbList\",\"@id\":\"https:\/\/www.finpower.eu\/blog\/#breadcrumb\",\"itemListElement\":[{\"@type\":\"ListItem\",\"position\":1,\"name\":\"Home\",\"item\":\"https:\/\/www.finpower.eu\/\"},{\"@type\":\"ListItem\",\"position\":2,\"name\":\"Blog\"}]},{\"@type\":\"WebSite\",\"@id\":\"https:\/\/www.finpower.eu\/#website\",\"url\":\"https:\/\/www.finpower.eu\/\",\"name\":\"Finpower\",\"description\":\"Finpower\",\"potentialAction\":[{\"@type\":\"SearchAction\",\"target\":{\"@type\":\"EntryPoint\",\"urlTemplate\":\"https:\/\/www.finpower.eu\/?s={search_term_string}\"},\"query-input\":{\"@type\":\"PropertyValueSpecification\",\"valueRequired\":true,\"valueName\":\"search_term_string\"}}],\"inLanguage\":\"en-GB\"}]}<\/script>\n<!-- \/ Yoast SEO plugin. -->","yoast_head_json":{"title":"Blog - Finpower","robots":{"index":"index","follow":"follow","max-snippet":"max-snippet:-1","max-image-preview":"max-image-preview:large","max-video-preview":"max-video-preview:-1"},"canonical":"https:\/\/www.finpower.eu\/en_gb\/blog\/","og_locale":"en_GB","og_type":"article","og_title":"Blog - Finpower","og_description":"BLOGN\u00e1js\u0165 viacKateg\u00f3rie Digit\u00e1lne \u00fa\u010dtovn\u00edctvo Tipy virtu\u00e1lneho CFO Data &amp; BI Nezaraden\u00e9 Tipy na efekt\u00edvnej\u0161iu pr\u00e1cu Finpower novinky Sledujte n\u00e1s Nev\u00e1hajte n\u00e1s sledova\u0165 na soci\u00e1lnych sie\u0165ach pre najnov\u0161ie spr\u00e1vy a viac in\u0161pir\u00e1cie.Zavolajte n\u00e1m.Nap\u00ed\u0161te n\u00e1m.Such\u00e9 m\u00fdto 1BratislavaLinkedIn","og_url":"https:\/\/www.finpower.eu\/en_gb\/blog\/","og_site_name":"Finpower","article_modified_time":"2023-12-03T19:15:18+00:00","twitter_card":"summary_large_image","schema":{"@context":"https:\/\/schema.org","@graph":[{"@type":"WebPage","@id":"https:\/\/www.finpower.eu\/blog\/","url":"https:\/\/www.finpower.eu\/blog\/","name":"Blog - Finpower","isPartOf":{"@id":"https:\/\/www.finpower.eu\/#website"},"datePublished":"2021-11-10T13:46:55+00:00","dateModified":"2023-12-03T19:15:18+00:00","breadcrumb":{"@id":"https:\/\/www.finpower.eu\/blog\/#breadcrumb"},"inLanguage":"en-GB","potentialAction":[{"@type":"ReadAction","target":["https:\/\/www.finpower.eu\/blog\/"]}]},{"@type":"BreadcrumbList","@id":"https:\/\/www.finpower.eu\/blog\/#breadcrumb","itemListElement":[{"@type":"ListItem","position":1,"name":"Home","item":"https:\/\/www.finpower.eu\/"},{"@type":"ListItem","position":2,"name":"Blog"}]},{"@type":"WebSite","@id":"https:\/\/www.finpower.eu\/#website","url":"https:\/\/www.finpower.eu\/","name":"Finpower","description":"Finpower","potentialAction":[{"@type":"SearchAction","target":{"@type":"EntryPoint","urlTemplate":"https:\/\/www.finpower.eu\/?s={search_term_string}"},"query-input":{"@type":"PropertyValueSpecification","valueRequired":true,"valueName":"search_term_string"}}],"inLanguage":"en-GB"}]}},"_links":{"self":[{"href":"https:\/\/www.finpower.eu\/en_gb\/wp-json\/wp\/v2\/pages\/621","targetHints":{"allow":["GET"]}}],"collection":[{"href":"https:\/\/www.finpower.eu\/en_gb\/wp-json\/wp\/v2\/pages"}],"about":[{"href":"https:\/\/www.finpower.eu\/en_gb\/wp-json\/wp\/v2\/types\/page"}],"author":[{"embeddable":true,"href":"https:\/\/www.finpower.eu\/en_gb\/wp-json\/wp\/v2\/users\/1"}],"replies":[{"embeddable":true,"href":"https:\/\/www.finpower.eu\/en_gb\/wp-json\/wp\/v2\/comments?post=621"}],"version-history":[{"count":0,"href":"https:\/\/www.finpower.eu\/en_gb\/wp-json\/wp\/v2\/pages\/621\/revisions"}],"wp:attachment":[{"href":"https:\/\/www.finpower.eu\/en_gb\/wp-json\/wp\/v2\/media?parent=621"}],"curies":[{"name":"wp","href":"https:\/\/api.w.org\/{rel}","templated":true}]}}